{"id":211,"date":"2024-03-29T12:17:01","date_gmt":"2024-03-29T11:17:01","guid":{"rendered":"https:\/\/assemblea.montserrat.es\/politica-de-privacidad\/"},"modified":"2024-04-02T10:45:32","modified_gmt":"2024-04-02T09:45:32","slug":"politica-de-privacidad","status":"publish","type":"page","link":"https:\/\/assemblea.montserrat.es\/es\/politica-de-privacidad\/","title":{"rendered":"Pol\u00edtica de privacidad"},"content":{"rendered":"\n<p>Antes de llenar de tinta la mirada,<br><\/p>\n\n\n\n<p>de escabullir el fuego bajo de la piel,<br>de pedirme como la aguja en la paja<br>en un mar donde el agua nunca se calla,<br>de ver un rompe del amanecer hecho papel.<\/p>\n\n\n\n<p>De que nerviadas u\u00f1as me repican<br>en una flor que busca inspiraci\u00f3n,<br>de hacer que nuestra sangre se una y firme<br>un pacto donde cada coraz\u00f3n se encuentre libre<br>para juzgar si quiere sufrir de amor.<\/p>\n\n\n\n<p>De ser tan fr\u00eda y cruel como la alegr\u00eda<br>cuando se pasea cerca del sufrimiento,<br>de llevarle al moribunt un vaho de vida<br>fingiendo que no soy sal en la herida<br>sino el aroma fresco del gesmiler.<\/p>\n\n\n\n<p>Antes de evidenciar toda esta farsa<br>donde puedo y debo y quiero estar solo el vatio,<br>quisiera descarnar mi entra\u00f1a<br>abriendo de par en par lo que ella guarda,<br>quisiera\u2026 Hasta los huesos desnudar.<br>*<\/p>\n\n\n\n<p>Tal vez necesito estar inerme<br>mostrando todo lo m\u00e1s fr\u00e1gil que hay en m\u00ed,<br>quiz\u00e1s el coraz\u00f3n pida que la aireaci\u00f3n<br>para notar los besos o las piedras<br>que hacen de la poes\u00eda mi camino.<\/p>\n\n\n\n<p>O igual est\u00e1 ahog\u00e1ndose la vida<br>y me pincha para hacerle un poco de caso,<br>sacudi\u00e9ndome para dejar que la mentira<br>redole por encima de la fatiga<br>y sobrecoge cualquier curiosidad.<\/p>\n\n\n\n<p>Mas sea lo que sea lo que empuja<br>a desventrarme el cuerpo en el \u00e1nimo loco,<br>espero que el teatro que nos atrasa<br>podr\u00e1 contar ambos, en voz de seda,<br>por qu\u00e9 de esta quim\u00e9rica ficci\u00f3n.<\/p>\n\n\n\n<p>Porque hago que te ensucies en caricias<br>que solo han conocido mi piel,<br>levantando mil sensaciones de las sillas<br>donde se asediaban dulces y tranquilas<br>para hervirte el mundo en pasi\u00f3n y sed.<\/p>\n\n\n\n<p>Te he llevado a mendigar mi boca<br>vendi\u00e9ndola como luz en el horizonte,<br>dej\u00e1ndote el estupor como nueva aurora<br>y haciendo que una veleta caprichosa<br>revelo si estoy hoy de buen humor.<\/p>\n\n\n\n<p>Y te he robado las l\u00e1grimas m\u00e1s agrias<br>habl\u00e1ndote de lo suela que ahora estoy,<br>mostr\u00e1ndote las estrellas como cad\u00e1veres<br>en medio de una batalla sin im\u00e1genes<br>narrada en la rima m\u00e1s pueril.<\/p>\n\n\n\n<p>Tambi\u00e9n has visto afilar los dientes de tigre<br>para morderte el \u00f3rfico de tus ojos, como si ceg\u00e1ndote mi terrible destino<br>dejara tu albedr\u00edo tan virgen y libre<br>como ese primer gozo que hoy ya es humo.<\/p>\n\n\n\n<p>Incluso te he hecho sufrir la lucha est\u00e9ril<br>de un tiempo mal dirigido s\u00f3lo por Sols,<br>unos astros que me piensan luna d\u00e9bil<br>y no como poderosa pluma f\u00e9nix<br>que nace para desangrarse en otros corazones.<\/p>\n\n\n\n<p>As\u00ed que busqu\u00e9monos juntos las calmas<br>que s\u00f3lo a huellas nos hacen caso,<br>cruzamos nuestro amor en las miradas<br>y sin cabeza de carne levantando murallas<br>jugamos a fundir el alma en un baile.<\/p>\n\n\n\n<p>\u2014 II \u2014<\/p>\n\n\n\n<p>Imagine tu rostro dibujando una sonrisa<br>tan sarc\u00e1stico y an\u00f3nimo como el corte de la burla,<br>imagine la brisa invadi\u00e9ndote las alas<br>para surcar suerte o angustia seg\u00fan marque el destino.<br>Imagino que esperas que partimos hacia ensomis<br>de fortunas jocosas, de memorias absurdas,<br>batallas, fuerza, solidas, espera,<br>de rodar por la vida\u2026 Imagino que en m\u00ed.<\/p>\n\n\n\n<p>Mas no es solo fantas\u00eda, ni recelo, ni sospecha<br>lo que hace que me cuelgue de tu custodia,<br>tampoco son las cadenas que ilusorias me abrazan<br>las que urden las trenzas de abundantes sentimientos.<\/p>\n\n\n\n<p>Lo que al verme sustenta eras t\u00fa, \u00a1T\u00fa! Esencia<br>y existencia que atrapa cada fibra amorada,<br>cada gozo que guilopo levanta el vuelo a la garganta<br>y se escapa muy \u00e1gil haci\u00e9ndose el due\u00f1o del tiempo.<\/p>\n\n\n\n<p>\u00a1Ay! \u00a1Qu\u00e9 inmune me encuentro en las zarpas de los bobos!<br>\u00a1Qu\u00e9 infalible en el martirio de mis ideas!<br>Los arpegios mel\u00f3dicos, los silencios que se pierden<br>entre cuerdas y letras que conforman el mundo.<br>Nada, amor, puede detenerme si me haces de acoraza,<br>si bosques coronas y me rodeas de gloria,<br>nadie puede remojarme en robusta tristeza<br>ni me puede hacer arcilla si es diamante la semilla.<\/p>\n\n\n\n<p>Claro, que a veces el c\u00e1lido de sentirme segura<br>derrite, de mis hombros, el entusiasmo del estrecho,<br>me transforma las risas en campanas de vidrio<br>que s\u00f3lo que resuenan inspir\u00e1ndose en extra\u00f1os.<br>Y la paz no me sosobra ni la Fe me come a besos<br>ni al cielo levanto la cara para pintarla azulada,<br>no alimenta las horas al danzar por las llamas<br>ni consuele mis sue\u00f1os escapados de las manos.<\/p>\n\n\n\n<p>Y es justito en tal acto, mientras caen al suelo<br>los colores que la vida me ha puesto de peana,<br>cuando te abrazo en m\u00e1s fuerza y tu ausencia tiembla,<br>cuando me siento tan voluble como una hebra llevada por el viento.<br>Cuando apoye la espalda en otro planeta<br>tan lejano y tan rec\u00f3ndito que no tiene ni existencia,<br>cuando muerde esa cola tan eterna como corta<br>y revelo apocada, que soy maestra de\u2026 \u00a1Nada!<\/p>\n\n\n\n<p>\u2014 III \u2014<\/p>\n\n\n\n<p>Todav\u00eda est\u00e1s ah\u00ed, oyendo, mir\u00e1ndome,<br>en esa compresi\u00f3n sin palabras<br>que hace echarse mi alma por ti.<br>Que lleva a mi carne a ardir de fiebre<br>que me hace mover la sangre, por el mundo, medio ciega<br>que me deja, ante todos, en el coraz\u00f3n desnudo.<\/p>\n\n\n\n<p>Un coraz\u00f3n mal desnudo de pelos celosos<br>hurgados al viejo comp\u00e1s de ese oscuro cosmos<br>que siempre, noche y d\u00eda, me persigue.<br>Que se desperdiga hecho poes\u00eda<br>sin orden, sin ley, sin armon\u00eda\u2026<br>Manchando todo lo que encuentra en el camino.<\/p>\n\n\n\n<p>Debilit\u00e1ndome a un punto tan metaf\u00f3rico<br>que me torpe hecha hipnosis<br>y me envuelve dentro de un reto\u00f1o.<br>Quebrando cada solomillo vendido como calma,<br>rompiendo cada ventana que resguarda<br>mi amortajada esclavitud.<\/p>\n\n\n\n<p>Pues es el despotismo de una musa<br>lo que me saca el invierno y me hace peque\u00f1a,<br><\/p>\n\n\n\n<p>lo que me agarra el juicio y me hace desierto.<br>Tan floja, tan sumisa al raso de tierra<br>que oxide en la mirada cada estrella<br>desconjunt\u00e1ndome los dedos en cotompel.<\/p>\n\n\n\n<p>\u00a1Qu\u00e9 gran deleite es nacer sin inicio!<br>Como quien se columpia en ondas y delirios<br>prestados solo para roble al de al lado.<br>Regurgitando sentires sobre la p\u00e1gina<br>hurtados, pero que necesitas en la entra\u00f1a<br>como si estuviera llena en hijos reci\u00e9n nacidos.<\/p>\n\n\n\n<p>Supongo\u2026 No, no lo supongo, estoy segura<br>que toda esta medrosa y balad\u00ed lluvia<br>de sentimientos y opacas confesiones,<br>te hace sentirme arena movediza<br>tan falta en cimientos para la vida<br>que nada puede salvarme de la extinci\u00f3n.<\/p>\n\n\n\n<p>Nada puede inmutar mi cansancio<br>que ya nutre la ef\u00edmera catarsis<br>de estar en la copilla de la paz.<br>Nada puede apagar lo que ya es ceniza<br>antes de declar\u00e1rsele la guerra,<br>nada puede ya salvarme de esta llave.<\/p>\n\n\n\n<p>\u00bfC\u00f3mo puedo ser tan, tan fr\u00e1gil?\u2026 \u00a1Tan tan fr\u00e1gil!<br>No puedo comprender cu\u00e1l es el hecho m\u00e1gico<br>que todav\u00eda me sujeta a este mundo.<br>Pero \u00bfqu\u00e9 digo?\u2026 \u00a1Qu\u00e9 est\u00fapida sobrosa!<br>Si yo vivo para leerte de la boca<br>una \u00fanica palabra: Amor\u2026<br>\u00a1Amor!<\/p>\n\n\n\n<p><br><\/p>\n\n\n\n<p><\/p>\n","protected":false},"excerpt":{"rendered":"<p>Antes de llenar de tinta la mirada, de escabullir el fuego bajo de la piel,de pedirme como la aguja en la pajaen un mar donde el agua nunca se calla,de ver un rompe del amanecer hecho papel. De que nerviadas u\u00f1as me repicanen una flor que busca inspiraci\u00f3n,de hacer que nuestra sangre se una y firmeun pacto donde cada coraz\u00f3n&#8230;<\/p>\n","protected":false},"author":1,"featured_media":0,"parent":0,"menu_order":0,"comment_status":"closed","ping_status":"open","template":"","meta":{"footnotes":""},"class_list":["post-211","page","type-page","status-publish","hentry"],"_links":{"self":[{"href":"https:\/\/assemblea.montserrat.es\/es\/wp-json\/wp\/v2\/pages\/211","targetHints":{"allow":["GET"]}}],"collection":[{"href":"https:\/\/assemblea.montserrat.es\/es\/wp-json\/wp\/v2\/pages"}],"about":[{"href":"https:\/\/assemblea.montserrat.es\/es\/wp-json\/wp\/v2\/types\/page"}],"author":[{"embeddable":true,"href":"https:\/\/assemblea.montserrat.es\/es\/wp-json\/wp\/v2\/users\/1"}],"replies":[{"embeddable":true,"href":"https:\/\/assemblea.montserrat.es\/es\/wp-json\/wp\/v2\/comments?post=211"}],"version-history":[{"count":1,"href":"https:\/\/assemblea.montserrat.es\/es\/wp-json\/wp\/v2\/pages\/211\/revisions"}],"predecessor-version":[{"id":213,"href":"https:\/\/assemblea.montserrat.es\/es\/wp-json\/wp\/v2\/pages\/211\/revisions\/213"}],"wp:attachment":[{"href":"https:\/\/assemblea.montserrat.es\/es\/wp-json\/wp\/v2\/media?parent=211"}],"curies":[{"name":"wp","href":"https:\/\/api.w.org\/{rel}","templated":true}]}}