{"id":294,"date":"2024-05-03T08:16:18","date_gmt":"2024-05-03T07:16:18","guid":{"rendered":"https:\/\/assemblea.montserrat.es\/secretariado-permanente\/"},"modified":"2024-05-03T08:18:49","modified_gmt":"2024-05-03T07:18:49","slug":"secretariado-permanente","status":"publish","type":"page","link":"https:\/\/assemblea.montserrat.es\/es\/secretariado-permanente\/","title":{"rendered":"Secretariado Permanente"},"content":{"rendered":"\n<p>Por orden de las asambleas:<\/p>\n\n\n\n<p>Antoni Furi\u00f3 Diego<\/p>\n\n\n\n<p>Joan Antoni Domingo Borr\u00e0s<\/p>\n\n\n\n<p>Francesc Torres Faus<\/p>\n\n\n\n<p>Francesc Mart\u00ednez Gallego<\/p>\n\n\n\n<p>Albert Girona<\/p>\n\n\n\n<p>Aurelia J. Lairon Pla<\/p>\n\n\n\n<p>Vicent Pons Al\u00f3s<\/p>\n\n\n\n<p>Josep Aparisi Gay\u00f3n<\/p>\n\n\n\n<p>Francesc Beltr\u00e1n L\u00f3pez<\/p>\n\n\n\n<p>Marina Estarlich Martorell<\/p>\n\n\n\n<p>Salvador Vercher Llet\u00ed<\/p>\n\n\n\n<p>Enric Mut Ruiz<\/p>\n\n\n\n<p>Vicent Climent Ferrando<\/p>\n\n\n\n<p>Salvador Comes Hern\u00e1ndez<\/p>\n\n\n\n<p>Pau Armengol Mach\u00ed<\/p>\n\n\n\n<p>Rafa L\u00f3pez Andrada<\/p>\n\n\n\n<p>Jos\u00e9 Ram\u00f3n \u00dabeda<\/p>\n\n\n\n<p>Joan Catal\u00e0 Cebri\u00e0<\/p>\n\n\n\n<p>Francesc Xavier Mart\u00ed Juan<\/p>\n\n\n\n<p>Vicent Gim\u00e9nez Chornet<\/p>\n\n\n\n<p>Eduard Josep Gay Gay<\/p>\n","protected":false},"excerpt":{"rendered":"<p>Por orden de las asambleas: Antoni Furi\u00f3 Diego Joan Antoni Domingo Borr\u00e0s Francesc Torres Faus Francesc Mart\u00ednez Gallego Albert Girona Aurelia J. Lairon Pla Vicent Pons Al\u00f3s Josep Aparisi Gay\u00f3n Francesc Beltr\u00e1n L\u00f3pez Marina Estarlich Martorell Salvador Vercher Llet\u00ed Enric Mut Ruiz Vicent Climent Ferrando Salvador Comes Hern\u00e1ndez Pau Armengol Mach\u00ed Rafa L\u00f3pez Andrada Jos\u00e9 Ram\u00f3n \u00dabeda Joan Catal\u00e0 Cebri\u00e0&#8230;<\/p>\n","protected":false},"author":1,"featured_media":0,"parent":0,"menu_order":0,"comment_status":"closed","ping_status":"closed","template":"","meta":{"footnotes":""},"class_list":["post-294","page","type-page","status-publish","hentry"],"_links":{"self":[{"href":"https:\/\/assemblea.montserrat.es\/es\/wp-json\/wp\/v2\/pages\/294","targetHints":{"allow":["GET"]}}],"collection":[{"href":"https:\/\/assemblea.montserrat.es\/es\/wp-json\/wp\/v2\/pages"}],"about":[{"href":"https:\/\/assemblea.montserrat.es\/es\/wp-json\/wp\/v2\/types\/page"}],"author":[{"embeddable":true,"href":"https:\/\/assemblea.montserrat.es\/es\/wp-json\/wp\/v2\/users\/1"}],"replies":[{"embeddable":true,"href":"https:\/\/assemblea.montserrat.es\/es\/wp-json\/wp\/v2\/comments?post=294"}],"version-history":[{"count":1,"href":"https:\/\/assemblea.montserrat.es\/es\/wp-json\/wp\/v2\/pages\/294\/revisions"}],"predecessor-version":[{"id":296,"href":"https:\/\/assemblea.montserrat.es\/es\/wp-json\/wp\/v2\/pages\/294\/revisions\/296"}],"wp:attachment":[{"href":"https:\/\/assemblea.montserrat.es\/es\/wp-json\/wp\/v2\/media?parent=294"}],"curies":[{"name":"wp","href":"https:\/\/api.w.org\/{rel}","templated":true}]}}