{"id":859,"date":"2025-01-14T12:49:13","date_gmt":"2025-01-14T11:49:13","guid":{"rendered":"https:\/\/assemblea.montserrat.es\/?page_id=859"},"modified":"2025-05-07T11:51:04","modified_gmt":"2025-05-07T10:51:04","slug":"inscripcion","status":"publish","type":"page","link":"https:\/\/assemblea.montserrat.es\/es\/inscripcion\/","title":{"rendered":"Inscripci\u00f3n"},"content":{"rendered":"\n<p><strong><u>Normas sobre las comunicaciones: res\u00famenes y comunicaciones completas<\/u><\/strong><\/p>\n\n\n\n<p><strong>Plazo para la presentaci\u00f3n de res\u00famenes<br><\/strong>Para presentar el resumen, el autor\/a o autores\/as deben haber solicitado su inscripci\u00f3n en la asamblea, previamente o en el mismo momento que adjunten el resumen.<\/p>\n\n\n\n<p>El plazo de presentaci\u00f3n del resumen ser\u00e1 hasta el 25 de agosto de 2025. M\u00e1s abajo se indican las partes que debe contener el resumen. La aceptaci\u00f3n o denegaci\u00f3n de las propuestas se comunicar\u00e1 en el plazo de quince d\u00edas, en funci\u00f3n de la fecha de su presentaci\u00f3n.<\/p>\n\n\n\n<p><strong>Caracter\u00edsticas y partes del resumen<\/strong><\/p>\n\n\n\n<p>En el resumen de la comunicaci\u00f3n (<strong>m\u00e1ximo una p\u00e1gina din A4<\/strong>) deber\u00e1n constar los siguientes apartados: prop\u00f3sito, metodolog\u00eda, hallazgos significativos, limitaciones, implicaciones de la investigaci\u00f3n y originalidad o valor. Es necesario enviar el resumen a xxiassembleahr@montserrat.es<\/p>\n\n\n\n<p><strong>Exposici\u00f3n oral de la comunicaci\u00f3n<\/strong><\/p>\n\n\n\n<p>El autor\/a o autores\/ras expondr\u00e1n p\u00fablicamente su comunicaci\u00f3n en la Asamblea, disponiendo de un plazo de hasta 15 minutos por comunicaci\u00f3n, donde tendr\u00e1n a su alcance un ordenador con proyecci\u00f3n en una pantalla de sala.<\/p>\n\n\n\n<p><strong>Plazo para la presentaci\u00f3n de las comunicaciones completas<\/strong><\/p>\n\n\n\n<p>Tras la celebraci\u00f3n de la Asamblea, los autores tendr\u00e1n que remitir la comunicaci\u00f3n completa antes del 1 de diciembre de 2025. Las comunicaciones que no cumplan las caracter\u00edsticas indicadas m\u00e1s abajo no se publicar\u00e1n.<\/p>\n\n\n\n<p><strong>Caracter\u00edsticas y partes de la comunicaci\u00f3n completa<\/strong><\/p>\n\n\n\n<ol start=\"1\" class=\"wp-block-list\">\n<li>El documento de la comunicaci\u00f3n ser\u00e1 compatible en Word*.docx, interlineado simple, letra Garamond, tama\u00f1o 14.<\/li>\n\n\n\n<li>En la comunicaci\u00f3n constar\u00e1: el t\u00edtulo, el autor\/a o autores\/ras, la entidad donde trabaja, su correo electr\u00f3nico, un resumen y cuatro o m\u00e1s palabras clave.<\/li>\n\n\n\n<li>La extensi\u00f3n de la comunicaci\u00f3n puede oscilar entre 4000 y 10000 palabras, incluida la bibliograf\u00eda. Una mayor extensi\u00f3n deber\u00e1 estar justificada por la necesidad del tema, que valorar\u00e1 el Comit\u00e9 Cient\u00edfico para su publicaci\u00f3n. Si en el texto, motivado por la necesidad de mejorarlo con alguna imagen, se han incorporado fotograf\u00edas, parrillas o gr\u00e1ficos, contar\u00e1n como palabras escritas, en la equivalencia del total de palabras que cabr\u00edan en el espacio imagen.<\/li>\n\n\n\n<li>Las citas bibliogr\u00e1ficas en el texto ser\u00e1n tipos notas a pie de p\u00e1gina, y las referencias en el apartado de bibliograf\u00eda cumplir\u00e1n la norma ISO 690:2013 (versi\u00f3n espa\u00f1ola, la inglesa es ISO 690:2010). No se publicar\u00e1n las comunicaciones si la bibliograf\u00eda no cumple correctamente esta norma. El Comit\u00e9 local podr\u00e1 resolver cualquier duda al respecto.<\/li>\n\n\n\n<li>El autor\/a o autores\/as se compromete a que la comunicaci\u00f3n ser\u00e1 original.<\/li>\n<\/ol>\n\n\n\n<div style=\"height:50px\" aria-hidden=\"true\" class=\"wp-block-spacer\"><\/div>\n\n\n\n<p><strong><em>Para inscribirse tiene que rellenar la siguiente hoja de inscripci\u00f3n y enviarla por email a xxiassembleahr@montserrat.es<\/em><\/strong><\/p>\n\n\n\n<p><strong><a href=\"https:\/\/assemblea.montserrat.es\/wp-content\/uploads\/2025\/05\/hoja_inscripcion.pdf\" target=\"_blank\" data-type=\"link\" data-id=\"https:\/\/assemblea.montserrat.es\/wp-content\/uploads\/2025\/05\/hoja_inscripcion.pdf\" rel=\"noreferrer noopener\">Descargar hoja de inscripci\u00f3n<\/a><\/strong><\/p>\n\n\n\n<p><\/p>\n","protected":false},"excerpt":{"rendered":"<p>Normas sobre las comunicaciones: res\u00famenes y comunicaciones completas Plazo para la presentaci\u00f3n de res\u00famenesPara presentar el resumen, el autor\/a o autores\/as deben haber solicitado su inscripci\u00f3n en la asamblea, previamente o en el mismo momento que adjunten el resumen. El plazo de presentaci\u00f3n del resumen ser\u00e1 hasta el 25 de agosto de 2025. M\u00e1s abajo se indican las partes que&#8230;<\/p>\n","protected":false},"author":1,"featured_media":0,"parent":0,"menu_order":0,"comment_status":"closed","ping_status":"closed","template":"","meta":{"footnotes":""},"class_list":["post-859","page","type-page","status-publish","hentry"],"_links":{"self":[{"href":"https:\/\/assemblea.montserrat.es\/es\/wp-json\/wp\/v2\/pages\/859","targetHints":{"allow":["GET"]}}],"collection":[{"href":"https:\/\/assemblea.montserrat.es\/es\/wp-json\/wp\/v2\/pages"}],"about":[{"href":"https:\/\/assemblea.montserrat.es\/es\/wp-json\/wp\/v2\/types\/page"}],"author":[{"embeddable":true,"href":"https:\/\/assemblea.montserrat.es\/es\/wp-json\/wp\/v2\/users\/1"}],"replies":[{"embeddable":true,"href":"https:\/\/assemblea.montserrat.es\/es\/wp-json\/wp\/v2\/comments?post=859"}],"version-history":[{"count":2,"href":"https:\/\/assemblea.montserrat.es\/es\/wp-json\/wp\/v2\/pages\/859\/revisions"}],"predecessor-version":[{"id":897,"href":"https:\/\/assemblea.montserrat.es\/es\/wp-json\/wp\/v2\/pages\/859\/revisions\/897"}],"wp:attachment":[{"href":"https:\/\/assemblea.montserrat.es\/es\/wp-json\/wp\/v2\/media?parent=859"}],"curies":[{"name":"wp","href":"https:\/\/api.w.org\/{rel}","templated":true}]}}